{"id":4320,"date":"2018-04-05T14:32:40","date_gmt":"2018-04-05T14:32:40","guid":{"rendered":"http:\/\/einmeier.net?page_id=4320"},"modified":"2018-04-05T14:32:57","modified_gmt":"2018-04-05T14:32:57","slug":"corporate-social-responsibilities","status":"publish","type":"page","link":"https:\/\/thinktank-networks.com\/de\/corporate-social-responsibilities\/","title":{"rendered":"Soziale Verantwortung"},"content":{"rendered":"\n<style type=\"text\/css\" data-created_by=\"avia_inline_auto\" id=\"style-css-av-av_one_full-6126cab7d8fab8d08143dd2dacdf673c\">\n.flex_column.av-av_one_full-6126cab7d8fab8d08143dd2dacdf673c{\nborder-radius:0px 0px 0px 0px;\npadding:0px 0px 0px 0px;\n}\n<\/style>\n<div  class='flex_column av-av_one_full-6126cab7d8fab8d08143dd2dacdf673c av_one_full  avia-builder-el-0  el_before_av_section  avia-builder-el-no-sibling  first flex_column_div av-zero-column-padding  '     ><section  class='av_textblock_section av-av_textblock-2de302bf1aa3cf4c9157dbe6f50ac7eb '   itemscope=\"itemscope\" itemtype=\"https:\/\/schema.org\/CreativeWork\" ><div class='avia_textblock'  itemprop=\"text\" ><header class=\"csc-header csc-header-n2\">\n<h1>Unsere soziale Verantwortung<\/h1>\n<\/header>\n<div class=\"csc-textpic-text\">\n<p class=\"bodytext\">ThinkTank Networks versteht soziale Verantwortung als integralen Bestandteil der Kultur in unserem Netzwerk und versucht, dadurch seinen kleinen Beitrag f\u00fcr die Gesellschaft zu leisten.<\/p>\n<p class=\"bodytext\">ThinkTank Networks nimmt diese Herausforderung sehr ernst und macht es sich deshalb zur Aufgabe, Hilfsbed\u00fcrftige erfolgreich und nachhaltig zu unterst\u00fctzen.<\/p>\n<p class=\"bodytext\">ThinkTank Networks unterst\u00fctzt die Erziehung von hilfsbed\u00fcrftigen Kindern in Nepal und Vietnam sowie Menschen aus der Region mit k\u00f6rperlichen Einschr\u00e4nkungen.<\/p>\n<\/div>\n<\/div><\/section><\/div><\/div><\/div><\/div><!-- close content main div --><\/div><\/div><div id='av_section_1'  class='avia-section av-av_section-87fbd8d26c8ac17d06967655d546fb33 alternate_color avia-section-default avia-no-shadow  avia-builder-el-2  el_after_av_one_full  avia-builder-el-last  avia-bg-style-scroll container_wrap fullsize'  ><div class='container av-section-cont-open' ><div class='template-page content  av-content-full alpha units'><div class='post-entry post-entry-type-page post-entry-4320'><div class='entry-content-wrapper clearfix'>\n\n<style type=\"text\/css\" data-created_by=\"avia_inline_auto\" id=\"style-css-av-av_two_third-6126cab7d8fab8d08143dd2dacdf673c\">\n.flex_column.av-av_two_third-6126cab7d8fab8d08143dd2dacdf673c{\nborder-radius:0px 0px 0px 0px;\npadding:0px 0px 0px 0px;\n}\n<\/style>\n<div  class='flex_column av-av_two_third-6126cab7d8fab8d08143dd2dacdf673c av_two_third  avia-builder-el-3  el_before_av_one_third  avia-builder-el-first  first flex_column_div av-zero-column-padding  '     ><style type=\"text\/css\" data-created_by=\"avia_inline_auto\" id=\"style-css-av-av_image-7309e7d5369c749274233a69310edeb2\">\n.avia-image-container.av-av_image-7309e7d5369c749274233a69310edeb2 img.avia_image{\nbox-shadow:none;\n}\n.avia-image-container.av-av_image-7309e7d5369c749274233a69310edeb2 .av-image-caption-overlay-center{\ncolor:#ffffff;\n}\n<\/style>\n<div  class='avia-image-container av-av_image-7309e7d5369c749274233a69310edeb2 av-styling- avia-align-center  avia-builder-el-4  avia-builder-el-no-sibling '   itemprop=\"image\" itemscope=\"itemscope\" itemtype=\"https:\/\/schema.org\/ImageObject\" ><div class=\"avia-image-container-inner\"><div class=\"avia-image-overlay-wrap\"><img fetchpriority=\"high\" class='wp-image-4514 avia-img-lazy-loading-not-4514 avia_image ' src='https:\/\/thinktank-networks.com\/wp-content\/uploads\/2018\/03\/Thinktank_Networks_SOS-Kinderdorf-300x58.png' alt='' title='Thinktank_Networks_SOS Kinderdorf'  height=\"58\" width=\"300\"  itemprop=\"thumbnailUrl\"  \/><\/div><\/div><\/div><\/div>\n<style type=\"text\/css\" data-created_by=\"avia_inline_auto\" id=\"style-css-av-av_one_third-0aa7055fe62c3622faec82866afbaeb2\">\n.flex_column.av-av_one_third-0aa7055fe62c3622faec82866afbaeb2{\nborder-radius:0px 0px 0px 0px;\npadding:0px 0px 0px 0px;\n}\n<\/style>\n<div  class='flex_column av-av_one_third-0aa7055fe62c3622faec82866afbaeb2 av_one_third  avia-builder-el-5  el_after_av_two_third  el_before_av_one_third  flex_column_div av-zero-column-padding  '     ><style type=\"text\/css\" data-created_by=\"avia_inline_auto\" id=\"style-css-av-av_image-d4b0e27c7bfab1c031924327596b11ae\">\n.avia-image-container.av-av_image-d4b0e27c7bfab1c031924327596b11ae img.avia_image{\nbox-shadow:none;\n}\n.avia-image-container.av-av_image-d4b0e27c7bfab1c031924327596b11ae .av-image-caption-overlay-center{\ncolor:#ffffff;\n}\n<\/style>\n<div  class='avia-image-container av-av_image-d4b0e27c7bfab1c031924327596b11ae av-styling- avia-align-center  avia-builder-el-6  avia-builder-el-no-sibling '   itemprop=\"image\" itemscope=\"itemscope\" itemtype=\"https:\/\/schema.org\/ImageObject\" ><div class=\"avia-image-container-inner\"><div class=\"avia-image-overlay-wrap\"><img fetchpriority=\"high\" class='wp-image-4511 avia-img-lazy-loading-not-4511 avia_image ' src='https:\/\/thinktank-networks.com\/wp-content\/uploads\/2018\/03\/ThinkTank_Networks_Lebenshilfe.png' alt='' title='ThinkTank_Networks_Lebenshilfe'  height=\"190\" width=\"700\"  itemprop=\"thumbnailUrl\"  \/><\/div><\/div><\/div><\/div>\n<style type=\"text\/css\" data-created_by=\"avia_inline_auto\" id=\"style-css-av-av_one_third-6126cab7d8fab8d08143dd2dacdf673c\">\n.flex_column.av-av_one_third-6126cab7d8fab8d08143dd2dacdf673c{\nborder-radius:0px 0px 0px 0px;\npadding:0px 0px 0px 0px;\n}\n<\/style>\n<div  class='flex_column av-av_one_third-6126cab7d8fab8d08143dd2dacdf673c av_one_third  avia-builder-el-7  el_after_av_one_third  el_before_av_one_third  first flex_column_div av-zero-column-padding  column-top-margin'     ><p>\n<style type=\"text\/css\" data-created_by=\"avia_inline_auto\" id=\"style-css-av-av_image-cdf2fa0db2935565bdb4fbd305a441e0\">\n.avia-image-container.av-av_image-cdf2fa0db2935565bdb4fbd305a441e0 img.avia_image{\nbox-shadow:none;\n}\n.avia-image-container.av-av_image-cdf2fa0db2935565bdb4fbd305a441e0 .av-image-caption-overlay-center{\ncolor:#ffffff;\n}\n<\/style>\n<div  class='avia-image-container av-av_image-cdf2fa0db2935565bdb4fbd305a441e0 av-styling- avia-align-center  avia-builder-el-8  el_before_av_textblock  avia-builder-el-first '   itemprop=\"image\" itemscope=\"itemscope\" itemtype=\"https:\/\/schema.org\/ImageObject\" ><div class=\"avia-image-container-inner\"><div class=\"avia-image-overlay-wrap\"><img fetchpriority=\"high\" class='wp-image-4448 avia-img-lazy-loading-not-4448 avia_image ' src='https:\/\/thinktank-networks.com\/wp-content\/uploads\/2018\/02\/Child_Nepal.jpg' alt='' title='Thinktank_Networks_Child_Nepal'  height=\"139\" width=\"239\"  itemprop=\"thumbnailUrl\"  \/><\/div><\/div><\/div><br \/>\n<section  class='av_textblock_section av-av_textblock-2de302bf1aa3cf4c9157dbe6f50ac7eb '   itemscope=\"itemscope\" itemtype=\"https:\/\/schema.org\/CreativeWork\" ><div class='avia_textblock'  itemprop=\"text\" ><h3>SOS-Kinderpatenschaft Nepal<\/h3>\n<div id=\"c547\" class=\"csc-default\">\n<div class=\"csc-textpic csc-textpic-intext-left-nowrap csc-textpic-intext-left-nowrap-304\">\n<div class=\"csc-textpic-text\">\n<p class=\"bodytext\">Das SOS-Kinderdorf in Nepal wurde im Jahre 2003 er\u00f6ffnet und liegt im Bezirk Kavre, 60 km \u00f6stlich von Katmandu. Es kann bis zu 140 Kinder aufnehmen.<\/p>\n<\/div>\n<\/div>\n<\/div>\n<div id=\"c548\" class=\"csc-default\">\n<p class=\"bodytext\">Diese Einrichtungen stehen Kindern aus der Umgebung offen. Es herrscht gro\u00dfer Andrang, weil die Schule einen sehr guten Ruf genie\u00dft. In Kavre sorgt ThinkTank Networks seit 2010 daf\u00fcr, dass das Patenkind in der Geborgenheit einer Familie aufwachsen kann. Wir sind stolz darauf, Pate zu sein und die gro\u00dfen Fortschritte zu sehen, die das Kind macht.<\/p>\n<p class=\"bodytext\">Falls Sie auch Interesse an einer Spende haben, k\u00f6nnen Sie unser Patenkind direkt unterst\u00fctzen.<br \/>\nIhre Spende wird auf das Konto unseres Patenkindes gut geschrieben. Sobald das Kind die Berufsausbildung abgeschlossen hat, hat es die M\u00f6glichkeit auf das Konto zuzugreifen und kann so in eine selbstbestimmte Berufslaufbahn starten.<\/p>\n<\/div>\n<div id=\"c527\" class=\"csc-default\">\n<p>Erfahren Sie hier mehr:<\/p>\n<p><a href=\"https:\/\/www.sos-childrensvillages.org\/where-we-help\/asia\/nepal\/kavre\">https:\/\/www.sos-childrensvillages.org\/where-we-help\/asia\/nepal\/kavre<\/a><\/p>\n<\/div>\n<\/div><\/section><\/p><\/div>\n<style type=\"text\/css\" data-created_by=\"avia_inline_auto\" id=\"style-css-av-av_one_third-0aa7055fe62c3622faec82866afbaeb2\">\n.flex_column.av-av_one_third-0aa7055fe62c3622faec82866afbaeb2{\nborder-radius:0px 0px 0px 0px;\npadding:0px 0px 0px 0px;\n}\n<\/style>\n<div  class='flex_column av-av_one_third-0aa7055fe62c3622faec82866afbaeb2 av_one_third  avia-builder-el-10  el_after_av_one_third  el_before_av_one_third  flex_column_div av-zero-column-padding  column-top-margin'     ><p>\n<style type=\"text\/css\" data-created_by=\"avia_inline_auto\" id=\"style-css-av-av_image-5cb8c0a9e0b6dde20fe663f38b8a9b66\">\n.avia-image-container.av-av_image-5cb8c0a9e0b6dde20fe663f38b8a9b66 img.avia_image{\nbox-shadow:none;\n}\n.avia-image-container.av-av_image-5cb8c0a9e0b6dde20fe663f38b8a9b66 .av-image-caption-overlay-center{\ncolor:#ffffff;\n}\n<\/style>\n<div  class='avia-image-container av-av_image-5cb8c0a9e0b6dde20fe663f38b8a9b66 av-styling- avia-align-center  avia-builder-el-11  el_before_av_textblock  avia-builder-el-first '   itemprop=\"image\" itemscope=\"itemscope\" itemtype=\"https:\/\/schema.org\/ImageObject\" ><div class=\"avia-image-container-inner\"><div class=\"avia-image-overlay-wrap\"><img fetchpriority=\"high\" class='wp-image-4451 avia-img-lazy-loading-not-4451 avia_image ' src='https:\/\/thinktank-networks.com\/wp-content\/uploads\/2018\/02\/Child_Vietnam.jpg' alt='' title='Thinktank_Networks_Child_Vietnam'  height=\"140\" width=\"240\"  itemprop=\"thumbnailUrl\"  \/><\/div><\/div><\/div><br \/>\n<section  class='av_textblock_section av-av_textblock-2de302bf1aa3cf4c9157dbe6f50ac7eb '   itemscope=\"itemscope\" itemtype=\"https:\/\/schema.org\/CreativeWork\" ><div class='avia_textblock'  itemprop=\"text\" ><h3>SOS-Kinderpatenschaft Vietnam<\/h3>\n<p class=\"bodytext\">Das SOS-Kinderdorf Mai Dich liegt in einem Vorort der vietnamesischen Hauptstadt Hanoi. Es besteht aus 16 Familienh\u00e4usern, die im \u00f6rtlichen Baustil errichtet wurden, Mitarbeiterunterk\u00fcnften und den notwendigen Nebengeb\u00e4uden.<\/p>\n<p class=\"bodytext\">Seit 2013 unterst\u00fctzt ThinkTank Networks ein kleines Waisenm\u00e4dchen in Vietnam. Die Hilfe sichert dem Patenkind ein Aufwachsen in einer sicheren Umgebung und gew\u00e4hrleistet eine fundierte Schulbildung. Ziel der Patenschaft ist es das Kind bestm\u00f6glich auf ein Leben in Unabh\u00e4ngigkeit vorzubereiten, indem die Spenden eine Berufsausbildung erm\u00f6glichen.<\/p>\n<p class=\"bodytext\">Falls Sie auch Interesse an einer Spende haben, k\u00f6nnen sie unser Patenkind direkt unterst\u00fctzen.<br \/>\nIhre Spende wird auf das Konto unseres Patenkindes gut geschrieben. Sobald das Kind die Berufsausbildung abgeschlossen hat, hat es die M\u00f6glichkeit auf das Konto zuzugreifen und kann so in eine selbstbestimmte Berufskarriere starten.<\/p>\n<p>Erfahren Sie mehr:<\/p>\n<p><a href=\"http:\/\/www.sos-childrensvillages.org\/where-we-help\/asia\/vietnam\/mai-dich\">http:\/\/www.sos-childrensvillages.org\/where-we-help\/asia\/vietnam\/mai-dich<\/a><\/p>\n<\/div><\/section><\/p><\/div>\n<style type=\"text\/css\" data-created_by=\"avia_inline_auto\" id=\"style-css-av-av_one_third-0aa7055fe62c3622faec82866afbaeb2\">\n.flex_column.av-av_one_third-0aa7055fe62c3622faec82866afbaeb2{\nborder-radius:0px 0px 0px 0px;\npadding:0px 0px 0px 0px;\n}\n<\/style>\n<div  class='flex_column av-av_one_third-0aa7055fe62c3622faec82866afbaeb2 av_one_third  avia-builder-el-13  el_after_av_one_third  avia-builder-el-last  flex_column_div av-zero-column-padding  column-top-margin'     ><p>\n<style type=\"text\/css\" data-created_by=\"avia_inline_auto\" id=\"style-css-av-av_image-e66a7ec0780e9fe7237eec8baba7a892\">\n.avia-image-container.av-av_image-e66a7ec0780e9fe7237eec8baba7a892 img.avia_image{\nbox-shadow:none;\n}\n.avia-image-container.av-av_image-e66a7ec0780e9fe7237eec8baba7a892 .av-image-caption-overlay-center{\ncolor:#ffffff;\n}\n<\/style>\n<div  class='avia-image-container av-av_image-e66a7ec0780e9fe7237eec8baba7a892 av-styling- avia-align-center  avia-builder-el-14  el_before_av_textblock  avia-builder-el-first '   itemprop=\"image\" itemscope=\"itemscope\" itemtype=\"https:\/\/schema.org\/ImageObject\" ><div class=\"avia-image-container-inner\"><div class=\"avia-image-overlay-wrap\"><img fetchpriority=\"high\" class='wp-image- avia-img-lazy-loading-not- avia_image ' src='http:\/\/einmeier.net\/wp-content\/themes\/enfold\/config-templatebuilder\/avia-template-builder\/images\/placeholder.jpg' alt='' title=''   itemprop=\"thumbnailUrl\"  \/><\/div><\/div><\/div><br \/>\n<section  class='av_textblock_section av-av_textblock-2de302bf1aa3cf4c9157dbe6f50ac7eb '   itemscope=\"itemscope\" itemtype=\"https:\/\/schema.org\/CreativeWork\" ><div class='avia_textblock'  itemprop=\"text\" ><h3>Landshut<\/h3>\n<p>Die Landshuter Werkst\u00e4tten GmbH, Einrichtung der Lebenshilfe Landshut e.V., ist eine anerkannte Werkst\u00e4tte f\u00fcr Menschen mit Behinderung.\u00a0 ThinkTank Networks unterst\u00fctzt die Organisation und sorgt f\u00fcr die Auslastung der Werkstatt, mit Hilfe verschiedener Projekte. Eines der aktuellen Projekte ist die Produktion\u00a0des<a class=\"external-link-new-window\" title=\"Opens internal link in new window\" href=\"http:\/\/www.keyangel.com\" target=\"http:\/\/www.keyangel.com\" rel=\"noopener\"> keyangel <\/a>Schl\u00fcsselservice. Mit Hilfe einer\u00a0keyangel Schutzmarke\u00a0k\u00f6nnen verloren gegangene Schl\u00fcssel an Ihren Besitzer zur\u00fcckgeschickt werden.<\/p>\n<p>Erfahren Sie mehr:<\/p>\n<p><a href=\"http:\/\/www.lh-arbeit.de\/\">http:\/\/www.lh-arbeit.de\/<\/a><\/p>\n<\/div><\/section><\/p><\/div><\/p>\n","protected":false},"excerpt":{"rendered":"","protected":false},"author":1,"featured_media":0,"parent":0,"menu_order":0,"comment_status":"closed","ping_status":"closed","template":"","meta":{"_monsterinsights_skip_tracking":false,"_monsterinsights_sitenote_active":false,"_monsterinsights_sitenote_note":"","_monsterinsights_sitenote_category":0,"footnotes":""},"class_list":["post-4320","page","type-page","status-publish","hentry"],"_links":{"self":[{"href":"https:\/\/thinktank-networks.com\/de\/wp-json\/wp\/v2\/pages\/4320","targetHints":{"allow":["GET"]}}],"collection":[{"href":"https:\/\/thinktank-networks.com\/de\/wp-json\/wp\/v2\/pages"}],"about":[{"href":"https:\/\/thinktank-networks.com\/de\/wp-json\/wp\/v2\/types\/page"}],"author":[{"embeddable":true,"href":"https:\/\/thinktank-networks.com\/de\/wp-json\/wp\/v2\/users\/1"}],"replies":[{"embeddable":true,"href":"https:\/\/thinktank-networks.com\/de\/wp-json\/wp\/v2\/comments?post=4320"}],"version-history":[{"count":4,"href":"https:\/\/thinktank-networks.com\/de\/wp-json\/wp\/v2\/pages\/4320\/revisions"}],"predecessor-version":[{"id":4323,"href":"https:\/\/thinktank-networks.com\/de\/wp-json\/wp\/v2\/pages\/4320\/revisions\/4323"}],"wp:attachment":[{"href":"https:\/\/thinktank-networks.com\/de\/wp-json\/wp\/v2\/media?parent=4320"}],"curies":[{"name":"wp","href":"https:\/\/api.w.org\/{rel}","templated":true}]}}